{"id":13640,"date":"2022-02-15T09:09:57","date_gmt":"2022-02-15T08:09:57","guid":{"rendered":"https:\/\/www.spark-security.com\/?page_id=13640"},"modified":"2022-02-15T09:09:57","modified_gmt":"2022-02-15T08:09:57","slug":"privacy-policy","status":"publish","type":"page","link":"https:\/\/www.spark-security.com\/zh-hant\/privacy-policy\/","title":{"rendered":"Privacy Policy"},"content":{"rendered":"<h3 style=\"text-align: center;\">INFORMATIVA PER IL TRATTAMENTO DEI DATI PERSONALI AI SENSI DEL GDPR 2016\/679<\/h3>\n<p>&nbsp;<\/p>\n<p>La presente informativa disciplina il trattamento dei dati personali effettuato dalla nostra societ\u00e0 all\u2019interno del presente sito web, in conformit\u00e0 alle vigenti norme in tema di protezione dei dati, in particolare, il Regolamento UE 2016\/679 (di seguito \u201cGDPR\u201d).<\/p>\n<p><strong>Titolare del Trattamento:<\/strong> Spark Security S.r.l.<br \/>\n<strong>Sede:<\/strong> Via Gramsci 86\/A, 42124 Reggio Emilia (RE), IT<br \/>\n<strong>Contatti e recapiti:<\/strong> Tel. <a href=\"tel:+390522929850\">0522929850<\/a> \u2013 E-mail: <a href=\"mailto:info@spark-security.com\">info@spark-security.com<\/a><\/p>\n<p><strong>Responsabile Protezione dei Dati (RPD):<\/strong> 01 S.r.l. con sede Legale in Via Ferravilla 19\/C, 42124 Reggio Emilia (RE) \u2013 Email: <a href=\"mailto:spark.dpo@01privacy.it\">spark.dpo@01privacy.it<\/a><\/p>\n<h5><strong>Informativa Privacy<\/strong><\/h5>\n<p>In questa pagina si descrivono le modalit\u00e0 di gestione del sito in riferimento al trattamento dei dati personali degli utenti che lo consultano. Si tratta di un\u2019informativa resa ai sensi del nuovo GDPR 2016\/679 in materia di protezione dei dati personali a coloro che interagiscono con i servizi web accessibili per via telematica a partire dall\u2019indirizzo: http:\/\/www.spark-security.com L\u2019informativa \u00e8 resa solo per il sito in oggetto e non anche per altri siti Web eventualmente consultati dall\u2019utente tramite link. Le indicazioni fornite di seguito riguardano in modo particolare la raccolta dei dati personali su Internet prefiggendosi di identificare le misure minime che dovranno essere attuate nei confronti delle persone interessate per garantire la lealt\u00e0 e liceit\u00e0 di tale pratiche.<\/p>\n<h5><strong>Luogo di trattamento dei dati<\/strong><\/h5>\n<p>I trattamenti connessi ai servizi Web su questo sito hanno luogo presso la predetta sede e sono curati solo da dipendenti, collaboratori o incaricati al trattamento, oppure da eventuali incaricati di occasionali operazioni di manutenzione. Nessun dato derivante dal servizio Web viene comunicato o diffuso. I dati personali forniti dagli utenti che inoltrano richieste di invio di materiale informativo sono utilizzati al solo fine di eseguire il servizio o la prestazione richiesta e sono comunicati a terzi nel caso in cui ci\u00f2 sia a tal fine necessario.<\/p>\n<h5><strong>Dati, finalit\u00e0 e base giuridica<\/strong><\/h5>\n<p>I sistemi informatici e i programmi informatici utilizzati per il funzionamento del sito raccolgono alcuni dati personali la cui trasmissione \u00e8 implicita nell&#8217;uso dei protocolli di comunicazione di Internet (es. indirizzi IP o nomi a dominio dei computer utilizzati dagli utenti che si connettono al sito, gli indirizzi URI -Uniform Resource Identifier- delle risorse richieste, orario della richiesta, metodo utilizzato nel sottoporre la richiesta al server, dimensione del file ottenuto in risposta, codice numerico circa lo stato della risposta resa dal server &#8211; buon fine, errore, ecc.- ed altri parametri relativi al sistema operativo e all&#8217;ambiente informatico dell&#8217;utente). Bench\u00e9 si tratti di informazioni che non sono raccolte per essere associate a interessati identificati, per loro natura potrebbero, attraverso elaborazioni ed associazioni con dati detenuti da terzi, consentire di identificare gli utenti.<br \/>\nTali dati sono utilizzati al solo fine di ricavare informazioni statistiche non associate ad alcun dato identificativo dell&#8217;utente sull&#8217;uso del sito e per controllarne il corretto funzionamento e vengono cancellati immediatamente dopo l&#8217;elaborazione. I dati potrebbero essere utilizzati per l&#8217;accertamento di responsabilit\u00e0 in caso di ipotetici reati informatici ai danni del Sito.<br \/>\nL\u2019invio facoltativo, esplicito e volontario, dei suoi dati personali (nome, cognome, indirizzo email, dati anagrafici etc.) all\u2019indirizzo indicato su questo sito o compilando il form per la richiesta di un preventivo o per maggiori informazioni sulla nostra attivit\u00e0, comporta la successiva acquisizione dell\u2019indirizzo del mittente, necessario per rispondere alle richieste, nonch\u00e9 degli eventuali altri dati personali inseriti nella missiva, per l\u2019esecuzione delle attivit\u00e0 necessarie alla conclusione ed esecuzione del contratto ai fini della fornitura del servizio\/prodotto da te richiesto tramite il Sito (ad esempio iscrizione ad eventi, invio di newsletter, formulazione di preventivi, elaborazione degli ordini, fornitura di assistenza e supporto).<\/p>\n<h5><strong>Richiesta informazioni \u2013 Richiesta di contatto<\/strong><\/h5>\n<p>Tramite gli appositi form di contatto presenti sul sito di Spark Lei potr\u00e0 richiedere informazioni circa i nostri prodotti\/servizi o richiedere un ricontatto di tipo commerciale. I dati forniti in tal modo saranno trattati da Spark solo ed esclusivamente per rispondere alla sua richiesta o per ricontattarla sui nostri prodotti e servizi. I suoi dati potranno essere comunicati, in base alla sua richiesta, al rivenditore di zona che la ricontatter\u00e0 per la gestione della sua richiesta. Tale comunicazione \u00e8 necessaria in base alla richiesta avanzata. La base giuridica del presente trattamento \u00e8 l\u2019esecuzione di misure pre-contrattuali adottate su richiesta stessa dell\u2019interessato (art. 6 lett. b del GDPR).<\/p>\n<h5><strong>Newsletter e trattamento dei suoi dati<\/strong><\/h5>\n<p>Qualora lei abbia fornito il proprio consenso mediante \u201cflag\u201d a ricevere comunicazioni commerciali, i suoi dati personali forniti tramite i form di contatto saranno trattati per inviarle newsletter periodiche riguardanti i nostri prodotti\/servizi. In tutte le comunicazioni sar\u00e0 presente la possibilit\u00e0 di disiscriversi dalle nostre newsletter. Resto fermo la possibilit\u00e0 da parte di Spark di trattare i dati per le altre finalit\u00e0 per le quali inizialmente sono stati raccolti. La base giuridica del presente trattamento \u00e8 il consenso, fornito liberamente dall\u2019utente in fase di invio dei dati. In caso di mancato conferimento del consenso i dati non verranno utilizzati per l\u2019iscrizione dello stesso nelle nostre newsletter.<\/p>\n<h5><strong>Piattaforma di ticketing\/supporto tecnico<\/strong><\/h5>\n<p>Tramite apposita piattaforma, raggiungibile tramite homepage, sar\u00e0 possibile aprire un ticket ed usufruire della nostra assistenza tecnica. Per la corretta gestione del ticket sar\u00e0 necessario fornire alcuni dati personali (nome, cognome e indirizzo email). I dati forniti in tal modo saranno trattati solo ed esclusivamente per la corretta gestione del ticket e conservati per ragioni organizzative ed operative. Nessun altro trattamento verr\u00e0 effettuato su tali dati. La base giuridica del presente trattamento \u00e8 l\u2019esecuzione di misure contrattuali (art. 6 lett. b del GDPR).<\/p>\n<h5><strong>Destinatari e trasferimenti al di fuori dell&#8217;Unione Europea<\/strong><\/h5>\n<p>I suoi dati non saranno cominciati a terzi o rivenduti per alcun motivo. I suoi dati personali non saranno trasferiti verso nessun paese extra UE o organizzazione internazionale. Potranno essere trattati da responsabili esterni formalmente nominati (il cui elenco \u00e8 disponibile su vs. richiesta) che appartengono a categorie di soggetti che supportano il titolare nell\u2019erogazione dei servizi offerti tramite il presente sito (es: sviluppatori sw, gestori del sito web).<br \/>\nPotremo gestire alcuni dei vostri dati personali con servizi localizzati al di fuori dell\u2019area dell\u2019Unione Europea, ad esempio con il servizio MailChimp e lo spazio in hosting del sito (Regno Unito). Il trasferimento \u00e8 autorizzato in base a specifiche decisioni dell\u2019Unione Europea e del Garante per la tutela dei dati personali, in particolare la decisione 1250\/2016 (Privacy Shield \u2013 qui la pagina informativa del Garante italiano), per cui non occorre ulteriore consenso. I provider utilizzati garantiscono la propria adesione e conformit\u00e0 al Privacy Shield.<\/p>\n<h5><strong>Modalit\u00e0 di trattamento<\/strong><\/h5>\n<p>I dati personali sono trattati con strumenti automatizzati per il tempo strettamente necessario a conseguire gli scopi per cui sono stati raccolti, salvo che le stesse informazioni formino oggetto di altri trattamenti da parte dello stesso Titolare. Specifiche misure di sicurezza sono osservate per prevenire la perdita dei dati, usi illeciti o non corretti in ottemperanza agli obblighi di adeguamento a misure minime di sicurezza.<br \/>\nIn ogni caso alla revoca del consenso i dati non verranno pi\u00f9 trattati.<\/p>\n<h5><strong>La informiamo inoltre dei seguenti diritti che pu\u00f2 vantare nei confronti del Titolare del trattamento:<\/strong><\/h5>\n<ul>\n<li>Diritto di chiedere l\u2019accesso ai Suoi dati personali (art.15).<\/li>\n<li>Diritto di rettifica (art.16) o diritto di cancellazione dei dati personali (art.17).<\/li>\n<li>Diritto alla limitazione (art.18) o diritto all\u2019opposizione al trattamento (art.21).<\/li>\n<li>Diritto alla portabilit\u00e0 dei dati (art.20).<\/li>\n<li>Diritto di revocare il consenso fornito per una o pi\u00f9 finalit\u00e0 specifiche, in qualsiasi momento, restando impregiudicati i trattamenti effettuati prima della revoca del consenso (di cui eventualmente potr\u00e0 richiedere la cancellazione).<\/li>\n<li>Diritto di proporre reclamo al Garante per la protezione dei dati personali (art.77).<\/li>\n<\/ul>\n<p>Le istanze di esercizio dei diritti indicati nella presente informativa, ivi inclusi, in particolare, il diritto alla cancellazione ed il diritto alla revoca del consenso prestato dovranno essere indirizzate direttamente al Titolare all\u2019indirizzo email: <a href=\"mailto:info@spark-security.com\">info@spark-security.com<\/a>.<\/p>\n<p>&nbsp;<\/p>\n<p><em>La presente informativa \u00e8 stata redatta in nome e per conto di Spark Security S.r.l. da 01 S.r.l. servizi privacy \u2014 <a href=\"http:\/\/www.01privacy.it\">www.01privacy.it<\/a><\/em><\/p>\n<p>&nbsp;<\/p>\n","protected":false},"excerpt":{"rendered":"<p>INFORMATIVA PE&#8230;<\/p>\n","protected":false},"author":7,"featured_media":6305,"parent":0,"menu_order":0,"comment_status":"closed","ping_status":"closed","template":"","meta":{"inline_featured_image":false,"footnotes":""},"acf":[],"yoast_head":"<!-- This site is optimized with the Yoast SEO plugin v21.4 - https:\/\/yoast.com\/wordpress\/plugins\/seo\/ -->\n<title>Privacy Policy - Spark<\/title>\n<meta name=\"description\" content=\"Spark Security produce innovativi sistemi di visione intelligente per progetti complessi di sicurezza. Videosorveglianza dal concept al prodotto finito. Italian inSight.\" \/>\n<meta name=\"robots\" content=\"index, follow, max-snippet:-1, max-image-preview:large, max-video-preview:-1\" \/>\n<link rel=\"canonical\" href=\"https:\/\/www.spark-security.com\/zh-hant\/privacy-policy\/\" \/>\n<meta property=\"og:locale\" content=\"zh_TW\" \/>\n<meta property=\"og:type\" content=\"article\" \/>\n<meta property=\"og:title\" content=\"Privacy Policy - Spark\" \/>\n<meta property=\"og:description\" content=\"Spark Security produce innovativi sistemi di visione intelligente per progetti complessi di sicurezza. Videosorveglianza dal concept al prodotto finito. Italian inSight.\" \/>\n<meta property=\"og:url\" content=\"https:\/\/www.spark-security.com\/zh-hant\/privacy-policy\/\" \/>\n<meta property=\"og:site_name\" content=\"Spark\" \/>\n<meta property=\"og:image\" content=\"https:\/\/www.spark-security.com\/wp-content\/uploads\/2019\/09\/Spark-Security-Logo-2019.jpg\" \/>\n\t<meta property=\"og:image:width\" content=\"720\" \/>\n\t<meta property=\"og:image:height\" content=\"373\" \/>\n\t<meta property=\"og:image:type\" content=\"image\/jpeg\" \/>\n<meta name=\"twitter:card\" content=\"summary_large_image\" \/>\n<meta name=\"twitter:label1\" content=\"\u9810\u4f30\u95b1\u8b80\u6642\u9593\" \/>\n\t<meta name=\"twitter:data1\" content=\"7 \u5206\u9418\" \/>\n<script type=\"application\/ld+json\" class=\"yoast-schema-graph\">{\"@context\":\"https:\/\/schema.org\",\"@graph\":[{\"@type\":\"WebPage\",\"@id\":\"https:\/\/www.spark-security.com\/zh-hant\/privacy-policy\/\",\"url\":\"https:\/\/www.spark-security.com\/zh-hant\/privacy-policy\/\",\"name\":\"Privacy Policy - Spark\",\"isPartOf\":{\"@id\":\"https:\/\/www.spark-security.com\/zh-hant\/#website\"},\"datePublished\":\"2022-02-15T08:09:57+00:00\",\"dateModified\":\"2022-02-15T08:09:57+00:00\",\"description\":\"Spark Security produce innovativi sistemi di visione intelligente per progetti complessi di sicurezza. Videosorveglianza dal concept al prodotto finito. Italian inSight.\",\"breadcrumb\":{\"@id\":\"https:\/\/www.spark-security.com\/zh-hant\/privacy-policy\/#breadcrumb\"},\"inLanguage\":\"zh-TW\",\"potentialAction\":[{\"@type\":\"ReadAction\",\"target\":[\"https:\/\/www.spark-security.com\/zh-hant\/privacy-policy\/\"]}]},{\"@type\":\"BreadcrumbList\",\"@id\":\"https:\/\/www.spark-security.com\/zh-hant\/privacy-policy\/#breadcrumb\",\"itemListElement\":[{\"@type\":\"ListItem\",\"position\":1,\"name\":\"Home\",\"item\":\"https:\/\/www.spark-security.com\/zh-hant\/\"},{\"@type\":\"ListItem\",\"position\":2,\"name\":\"Privacy Policy\"}]},{\"@type\":\"WebSite\",\"@id\":\"https:\/\/www.spark-security.com\/zh-hant\/#website\",\"url\":\"https:\/\/www.spark-security.com\/zh-hant\/\",\"name\":\"Spark\",\"description\":\"Security enablers\",\"publisher\":{\"@id\":\"https:\/\/www.spark-security.com\/zh-hant\/#organization\"},\"potentialAction\":[{\"@type\":\"SearchAction\",\"target\":{\"@type\":\"EntryPoint\",\"urlTemplate\":\"https:\/\/www.spark-security.com\/zh-hant\/?s={search_term_string}\"},\"query-input\":\"required name=search_term_string\"}],\"inLanguage\":\"zh-TW\"},{\"@type\":\"Organization\",\"@id\":\"https:\/\/www.spark-security.com\/zh-hant\/#organization\",\"name\":\"Spark\",\"url\":\"https:\/\/www.spark-security.com\/zh-hant\/\",\"logo\":{\"@type\":\"ImageObject\",\"inLanguage\":\"zh-TW\",\"@id\":\"https:\/\/www.spark-security.com\/zh-hant\/#\/schema\/logo\/image\/\",\"url\":\"\",\"contentUrl\":\"\",\"caption\":\"Spark\"},\"image\":{\"@id\":\"https:\/\/www.spark-security.com\/zh-hant\/#\/schema\/logo\/image\/\"},\"sameAs\":[\"https:\/\/www.linkedin.com\/company\/spark-security\/\"]}]}<\/script>\n<!-- \/ Yoast SEO plugin. -->","yoast_head_json":{"title":"Privacy Policy - Spark","description":"Spark Security produce innovativi sistemi di visione intelligente per progetti complessi di sicurezza. Videosorveglianza dal concept al prodotto finito. Italian inSight.","robots":{"index":"index","follow":"follow","max-snippet":"max-snippet:-1","max-image-preview":"max-image-preview:large","max-video-preview":"max-video-preview:-1"},"canonical":"https:\/\/www.spark-security.com\/zh-hant\/privacy-policy\/","og_locale":"zh_TW","og_type":"article","og_title":"Privacy Policy - Spark","og_description":"Spark Security produce innovativi sistemi di visione intelligente per progetti complessi di sicurezza. Videosorveglianza dal concept al prodotto finito. Italian inSight.","og_url":"https:\/\/www.spark-security.com\/zh-hant\/privacy-policy\/","og_site_name":"Spark","og_image":[{"width":720,"height":373,"url":"https:\/\/www.spark-security.com\/wp-content\/uploads\/2019\/09\/Spark-Security-Logo-2019.jpg","type":"image\/jpeg"}],"twitter_card":"summary_large_image","twitter_misc":{"\u9810\u4f30\u95b1\u8b80\u6642\u9593":"7 \u5206\u9418"},"schema":{"@context":"https:\/\/schema.org","@graph":[{"@type":"WebPage","@id":"https:\/\/www.spark-security.com\/zh-hant\/privacy-policy\/","url":"https:\/\/www.spark-security.com\/zh-hant\/privacy-policy\/","name":"Privacy Policy - Spark","isPartOf":{"@id":"https:\/\/www.spark-security.com\/zh-hant\/#website"},"datePublished":"2022-02-15T08:09:57+00:00","dateModified":"2022-02-15T08:09:57+00:00","description":"Spark Security produce innovativi sistemi di visione intelligente per progetti complessi di sicurezza. Videosorveglianza dal concept al prodotto finito. Italian inSight.","breadcrumb":{"@id":"https:\/\/www.spark-security.com\/zh-hant\/privacy-policy\/#breadcrumb"},"inLanguage":"zh-TW","potentialAction":[{"@type":"ReadAction","target":["https:\/\/www.spark-security.com\/zh-hant\/privacy-policy\/"]}]},{"@type":"BreadcrumbList","@id":"https:\/\/www.spark-security.com\/zh-hant\/privacy-policy\/#breadcrumb","itemListElement":[{"@type":"ListItem","position":1,"name":"Home","item":"https:\/\/www.spark-security.com\/zh-hant\/"},{"@type":"ListItem","position":2,"name":"Privacy Policy"}]},{"@type":"WebSite","@id":"https:\/\/www.spark-security.com\/zh-hant\/#website","url":"https:\/\/www.spark-security.com\/zh-hant\/","name":"Spark","description":"Security enablers","publisher":{"@id":"https:\/\/www.spark-security.com\/zh-hant\/#organization"},"potentialAction":[{"@type":"SearchAction","target":{"@type":"EntryPoint","urlTemplate":"https:\/\/www.spark-security.com\/zh-hant\/?s={search_term_string}"},"query-input":"required name=search_term_string"}],"inLanguage":"zh-TW"},{"@type":"Organization","@id":"https:\/\/www.spark-security.com\/zh-hant\/#organization","name":"Spark","url":"https:\/\/www.spark-security.com\/zh-hant\/","logo":{"@type":"ImageObject","inLanguage":"zh-TW","@id":"https:\/\/www.spark-security.com\/zh-hant\/#\/schema\/logo\/image\/","url":"","contentUrl":"","caption":"Spark"},"image":{"@id":"https:\/\/www.spark-security.com\/zh-hant\/#\/schema\/logo\/image\/"},"sameAs":["https:\/\/www.linkedin.com\/company\/spark-security\/"]}]}},"_links":{"self":[{"href":"https:\/\/www.spark-security.com\/zh-hant\/wp-json\/wp\/v2\/pages\/13640"}],"collection":[{"href":"https:\/\/www.spark-security.com\/zh-hant\/wp-json\/wp\/v2\/pages"}],"about":[{"href":"https:\/\/www.spark-security.com\/zh-hant\/wp-json\/wp\/v2\/types\/page"}],"author":[{"embeddable":true,"href":"https:\/\/www.spark-security.com\/zh-hant\/wp-json\/wp\/v2\/users\/7"}],"replies":[{"embeddable":true,"href":"https:\/\/www.spark-security.com\/zh-hant\/wp-json\/wp\/v2\/comments?post=13640"}],"version-history":[{"count":1,"href":"https:\/\/www.spark-security.com\/zh-hant\/wp-json\/wp\/v2\/pages\/13640\/revisions"}],"predecessor-version":[{"id":13641,"href":"https:\/\/www.spark-security.com\/zh-hant\/wp-json\/wp\/v2\/pages\/13640\/revisions\/13641"}],"wp:featuredmedia":[{"embeddable":true,"href":"https:\/\/www.spark-security.com\/zh-hant\/wp-json\/wp\/v2\/media\/6305"}],"wp:attachment":[{"href":"https:\/\/www.spark-security.com\/zh-hant\/wp-json\/wp\/v2\/media?parent=13640"}],"curies":[{"name":"wp","href":"https:\/\/api.w.org\/{rel}","templated":true}]}}