{"id":4717,"date":"2018-11-19T16:12:26","date_gmt":"2018-11-19T15:12:26","guid":{"rendered":"http:\/\/www.spark-security.com\/taiwan\/"},"modified":"2021-05-20T11:49:49","modified_gmt":"2021-05-20T09:49:49","slug":"taiwan","status":"publish","type":"page","link":"https:\/\/www.spark-security.com\/es\/taiwan\/","title":{"rendered":"Taiwan Business Unit"},"content":{"rendered":"[vc_row type=\u00bbfull_width_content\u00bb full_screen_row_position=\u00bbmiddle\u00bb bg_image=\u00bb273&#8243; bg_position=\u00bbcenter center\u00bb bg_repeat=\u00bbno-repeat\u00bb full_height=\u00bbyes\u00bb scene_position=\u00bbcenter\u00bb text_color=\u00bbdark\u00bb text_align=\u00bbcenter\u00bb overlay_strength=\u00bb0.3&#8243; shape_divider_position=\u00bbbottom\u00bb shape_type=\u00bb\u00bb][vc_column column_padding=\u00bbpadding-4-percent\u00bb column_padding_position=\u00bbleft-right\u00bb background_color_opacity=\u00bb1&#8243; background_hover_color_opacity=\u00bb1&#8243; column_link_target=\u00bb_self\u00bb column_shadow=\u00bbnone\u00bb column_border_radius=\u00bbnone\u00bb width=\u00bb1\/1&#8243; tablet_width_inherit=\u00bbdefault\u00bb tablet_text_alignment=\u00bbdefault\u00bb phone_text_alignment=\u00bbdefault\u00bb column_border_width=\u00bbnone\u00bb column_border_style=\u00bbsolid\u00bb][divider line_type=\u00bbNo Line\u00bb custom_height=\u00bb220&#8243;][vc_custom_heading text=\u00bb<strong>Estamos orgullosos de haber aterrizado en Taiw\u00e1n<\/strong>\u00bb font_container=\u00bbtag:h1|font_size:54px|text_align:center|line_height:60px\u00bb use_theme_fonts=\u00bbyes\u00bb css=\u00bb.vc_custom_1558693588184{padding-bottom: 10px !important;}\u00bb][vc_custom_heading text=\u00bbCentro de Investigaci\u00f3n y Desarrollo Tecnol\u00f3gico\u00bb font_container=\u00bbtag:p|font_size:22px|text_align:center|line_height:30px\u00bb use_theme_fonts=\u00bbyes\u00bb][divider line_type=\u00bbNo Line\u00bb custom_height=\u00bb500&#8243;][vc_row_inner column_margin=\u00bbdefault\u00bb text_align=\u00bbleft\u00bb][vc_column_inner column_padding=\u00bbno-extra-padding\u00bb column_padding_position=\u00bball\u00bb background_color_opacity=\u00bb1&#8243; background_hover_color_opacity=\u00bb1&#8243; column_shadow=\u00bbnone\u00bb column_border_radius=\u00bbnone\u00bb column_link_target=\u00bb_self\u00bb width=\u00bb1\/1&#8243; tablet_width_inherit=\u00bbdefault\u00bb column_border_width=\u00bbnone\u00bb column_border_style=\u00bbsolid\u00bb][vc_raw_html]JTNDZGl2JTIwY2xhc3MlM0QlMjJzY3JvbGwtZG93bi13cmFwJTIwbm8tYm9yZGVyJTIyJTNFJTBBJTA5JTNDYSUyMGhyZWYlM0QlMjIlMjNiZWdpbiUyMiUyMGNsYXNzJTNEJTIyc2VjdGlvbi1kb3duLWFycm93JTIwaGlkZGVuJTIyJTNFJTBBJTA5JTA5JTNDc3ZnJTIwY2xhc3MlM0QlMjJuZWN0YXItc2Nyb2xsLWljb24lMjIlMjB2aWV3Qm94JTNEJTIyMCUyMDAlMjAzMCUyMDQ1JTIyJTIwZW5hYmxlLWJhY2tncm91bmQlM0QlMjJuZXclMjAwJTIwMCUyMDMwJTIwNDUlMjIlM0UlMEElMDklMDklMDklM0NwYXRoJTIwY2xhc3MlM0QlMjJuZWN0YXItc2Nyb2xsLWljb24tcGF0aCUyMiUyMGZpbGwlM0QlMjJub25lJTIyJTIwc3Ryb2tlJTNEJTIyJTIzZmZmZmZmJTIyJTIwc3Ryb2tlLXdpZHRoJTNEJTIyMiUyMiUyMHN0cm9rZS1taXRlcmxpbWl0JTNEJTIyMTAlMjIlMjBkJTNEJTIyTTE1JTJDMS4xMThjMTIuMzUyJTJDMCUyQzEzLjk2NyUyQzEyLjg4JTJDMTMuOTY3JTJDMTIuODh2MTguNzYlMjAlMjBjMCUyQzAtMS41MTQlMkMxMS4yMDQtMTMuOTY3JTJDMTEuMjA0UzAuOTMxJTJDMzIuOTY2JTJDMC45MzElMkMzMi45NjZWMTQuMDVDMC45MzElMkMxNC4wNSUyQzIuNjQ4JTJDMS4xMTglMkMxNSUyQzEuMTE4eiUyMiUzRSUzQyUyRnBhdGglM0UlMEElMDklMDklM0MlMkZzdmclM0UlMEElMDklM0MlMkZhJTNFJTBBJTNDJTJGZGl2JTNF[\/vc_raw_html][\/vc_column_inner][\/vc_row_inner][\/vc_column][\/vc_row][vc_row type=\u00bbin_container\u00bb full_screen_row_position=\u00bbmiddle\u00bb scene_position=\u00bbcenter\u00bb text_color=\u00bbdark\u00bb text_align=\u00bbleft\u00bb top_padding=\u00bb140&#8243; overlay_strength=\u00bb0.3&#8243; shape_divider_position=\u00bbbottom\u00bb shape_type=\u00bb\u00bb][vc_column column_padding=\u00bbpadding-17-percent\u00bb column_padding_position=\u00bbleft-right\u00bb background_color_opacity=\u00bb1&#8243; background_hover_color_opacity=\u00bb1&#8243; column_link_target=\u00bb_self\u00bb column_shadow=\u00bbnone\u00bb column_border_radius=\u00bbnone\u00bb top_margin=\u00bb-40&#8243; width=\u00bb1\/1&#8243; tablet_width_inherit=\u00bbdefault\u00bb tablet_text_alignment=\u00bbdefault\u00bb phone_text_alignment=\u00bbdefault\u00bb column_border_width=\u00bbnone\u00bb column_border_style=\u00bbsolid\u00bb][vc_row_inner column_margin=\u00bbdefault\u00bb text_align=\u00bbleft\u00bb][vc_column_inner column_padding=\u00bbno-extra-padding\u00bb column_padding_position=\u00bbleft-right\u00bb background_color_opacity=\u00bb1&#8243; background_hover_color_opacity=\u00bb1&#8243; column_shadow=\u00bbnone\u00bb column_border_radius=\u00bbnone\u00bb column_link_target=\u00bb_self\u00bb width=\u00bb1\/1&#8243; tablet_width_inherit=\u00bbdefault\u00bb column_border_width=\u00bbnone\u00bb column_border_style=\u00bbsolid\u00bb][vc_custom_heading text=\u00bbCreatividad y tecnolog\u00eda\u00bb font_container=\u00bbtag:h3|font_size:20px|text_align:left|line_height:30px\u00bb use_theme_fonts=\u00bbyes\u00bb][divider line_type=\u00bbSmall Line\u00bb line_alignment=\u00bbdefault\u00bb line_thickness=\u00bb2&#8243; divider_color=\u00bbaccent-color\u00bb][vc_custom_heading text=\u00bbEl toque italiano de Spark\u00bb font_container=\u00bbtag:h2|font_size:40px|text_align:left|line_height:48px\u00bb use_theme_fonts=\u00bbyes\u00bb][divider line_type=\u00bbNo Line\u00bb custom_height=\u00bb12&#8243;][vc_column_text]Acercando a Italia a donde se crea y desarrolla la tecnolog\u00eda m\u00e1s avanzada para adquirir el know-how que nos ha permitido pensar fuera de la caja de forma cotidiana: as\u00ed fue como emprendimos el viaje que nos llev\u00f3 a Taiw\u00e1n, donde actualmente se encuentra nuestro laboratorio de investigaci\u00f3n y desarrollo de software.<\/p>\n<p>Pero vamos a dar un paso atr\u00e1s&#8230;[\/vc_column_text][\/vc_column_inner][\/vc_row_inner][\/vc_column][\/vc_row][vc_row type=\u00bbin_container\u00bb full_screen_row_position=\u00bbmiddle\u00bb scene_position=\u00bbcenter\u00bb text_color=\u00bbdark\u00bb text_align=\u00bbleft\u00bb top_padding=\u00bb40&#8243; overlay_strength=\u00bb0.3&#8243; shape_divider_position=\u00bbbottom\u00bb shape_type=\u00bb\u00bb][vc_column column_padding=\u00bbpadding-17-percent\u00bb column_padding_position=\u00bbleft-right\u00bb background_color_opacity=\u00bb1&#8243; background_hover_color_opacity=\u00bb1&#8243; column_link_target=\u00bb_self\u00bb column_shadow=\u00bbnone\u00bb column_border_radius=\u00bbnone\u00bb width=\u00bb1\/1&#8243; tablet_width_inherit=\u00bbdefault\u00bb tablet_text_alignment=\u00bbdefault\u00bb phone_text_alignment=\u00bbdefault\u00bb column_border_width=\u00bbnone\u00bb column_border_style=\u00bbsolid\u00bb][vc_custom_heading text=\u00bbEl comienzo de nuestro viaje\u00bb font_container=\u00bbtag:h2|font_size:26px|text_align:left|line_height:34px\u00bb use_theme_fonts=\u00bbyes\u00bb][divider line_type=\u00bbNo Line\u00bb custom_height=\u00bb12&#8243;][vc_column_text]Spark fue fundada en 2012 en Reggio Emilia, en el norte de la ciudad, un \u00e1rea hist\u00f3ricamente dedicada a la fabricaci\u00f3n. Hoy en d\u00eda, Reggio Emilia es el entorno privilegiado donde se lleva a cabo la innovaci\u00f3n e internacionalizaci\u00f3n. La compa\u00f1\u00eda naci\u00f3 del sue\u00f1o y del deseo de experimentar de un grupo de ingenieros e investigadores que, juntando fuerzas y combinando su experiencia, quisieron dise\u00f1ar y construir c\u00e1maras que desaf\u00eden los l\u00edmites de los sistemas de visi\u00f3n.<\/p>\n<p>De ese sue\u00f1o surgi\u00f3 Nitida 1.0, una de las primeras c\u00e1maras de Spark, que representa el coraje de anticipar el futuro, ese instinto tecnol\u00f3gico t\u00edpico de una compa\u00f1\u00eda que no se contenta con sentarse y mirar, sino que quiere convertirse en el l\u00edder de un mercado en continua evoluci\u00f3n, como la video vigilancia y, en general, los sistemas de visi\u00f3n.[\/vc_column_text][\/vc_column][\/vc_row][vc_row type=\u00bbin_container\u00bb full_screen_row_position=\u00bbmiddle\u00bb scene_position=\u00bbcenter\u00bb text_color=\u00bbdark\u00bb text_align=\u00bbleft\u00bb top_padding=\u00bb40&#8243; overlay_strength=\u00bb0.3&#8243; shape_divider_position=\u00bbbottom\u00bb shape_type=\u00bb\u00bb][vc_column column_padding=\u00bbno-extra-padding\u00bb column_padding_position=\u00bball\u00bb background_color_opacity=\u00bb1&#8243; background_hover_color_opacity=\u00bb1&#8243; column_link_target=\u00bb_self\u00bb column_shadow=\u00bbnone\u00bb column_border_radius=\u00bbnone\u00bb width=\u00bb1\/3&#8243; tablet_width_inherit=\u00bbdefault\u00bb tablet_text_alignment=\u00bbdefault\u00bb phone_text_alignment=\u00bbdefault\u00bb column_border_width=\u00bbnone\u00bb column_border_style=\u00bbsolid\u00bb][milestone heading_inherit=\u00bbh2&#8243; subject_padding=\u00bb4%\u00bb color=\u00bbAccent-Color\u00bb effect=\u00bbmotion_blur\u00bb milestone_alignment=\u00bbdefault\u00bb number=\u00bb2012&#8243; subject=\u00bbTechnology without compromise.<br \/>\nSpark asume el reto de crear soluciones de videovigilancia libre de riesgos.\u00bb number_font_size=\u00bb100&#8243;][\/vc_column][vc_column column_padding=\u00bbno-extra-padding\u00bb column_padding_position=\u00bball\u00bb background_color_opacity=\u00bb1&#8243; background_hover_color_opacity=\u00bb1&#8243; column_link_target=\u00bb_self\u00bb column_shadow=\u00bbnone\u00bb column_border_radius=\u00bbnone\u00bb width=\u00bb1\/3&#8243; tablet_width_inherit=\u00bbdefault\u00bb tablet_text_alignment=\u00bbdefault\u00bb phone_text_alignment=\u00bbdefault\u00bb column_border_width=\u00bbnone\u00bb column_border_style=\u00bbsolid\u00bb][milestone heading_inherit=\u00bbh2&#8243; subject_padding=\u00bb4%\u00bb color=\u00bbAccent-Color\u00bb effect=\u00bbmotion_blur\u00bb milestone_alignment=\u00bbdefault\u00bb number=\u00bb2013&#8243; subject=\u00bbUltra HD Technology.<br \/>\nLa valent\u00eda de la compa\u00f1\u00eda para seguir sus instintos tecnol\u00f3gicos dio lugar a la primera c\u00e1mara de Spark: Nitida 1.0&#8243; number_font_size=\u00bb100&#8243;][\/vc_column][vc_column column_padding=\u00bbno-extra-padding\u00bb column_padding_position=\u00bball\u00bb background_color_opacity=\u00bb1&#8243; background_hover_color_opacity=\u00bb1&#8243; column_link_target=\u00bb_self\u00bb column_shadow=\u00bbnone\u00bb column_border_radius=\u00bbnone\u00bb width=\u00bb1\/3&#8243; tablet_width_inherit=\u00bbdefault\u00bb tablet_text_alignment=\u00bbdefault\u00bb phone_text_alignment=\u00bbdefault\u00bb column_border_width=\u00bbnone\u00bb column_border_style=\u00bbsolid\u00bb][milestone heading_inherit=\u00bbh2&#8243; subject_padding=\u00bb4%\u00bb color=\u00bbAccent-Color\u00bb effect=\u00bbmotion_blur\u00bb milestone_alignment=\u00bbdefault\u00bb number=\u00bb2018&#8243; subject=\u00bbItalian inSight.<br \/>\nLa combinaci\u00f3n perfecta entre creatividad y tecnolog\u00eda da origen a Argo, el VMS desarrollado por nuestro equipo de I+D\u00bb number_font_size=\u00bb100&#8243;][\/vc_column][\/vc_row][vc_row type=\u00bbin_container\u00bb full_screen_row_position=\u00bbmiddle\u00bb scene_position=\u00bbcenter\u00bb text_color=\u00bbdark\u00bb text_align=\u00bbleft\u00bb top_padding=\u00bb40&#8243; bottom_padding=\u00bb60&#8243; overlay_strength=\u00bb0.3&#8243; shape_divider_position=\u00bbbottom\u00bb shape_type=\u00bb\u00bb][vc_column column_padding=\u00bbpadding-17-percent\u00bb column_padding_position=\u00bbleft-right\u00bb background_color_opacity=\u00bb1&#8243; background_hover_color_opacity=\u00bb1&#8243; column_link_target=\u00bb_self\u00bb column_shadow=\u00bbnone\u00bb column_border_radius=\u00bbnone\u00bb width=\u00bb1\/1&#8243; tablet_width_inherit=\u00bbdefault\u00bb tablet_text_alignment=\u00bbdefault\u00bb phone_text_alignment=\u00bbdefault\u00bb column_border_width=\u00bbnone\u00bb column_border_style=\u00bbsolid\u00bb][vc_custom_heading text=\u00bbEl futuro es nuestro presente\u00bb font_container=\u00bbtag:h2|font_size:26px|text_align:left|line_height:34px\u00bb use_theme_fonts=\u00bbyes\u00bb][divider line_type=\u00bbNo Line\u00bb custom_height=\u00bb12&#8243;][vc_column_text]Hoy en d\u00eda, Spark es, a todos los efectos, una empresa pocket-size multinacional con esp\u00edritu italiano \u2013 parte del holding TTM Top Technology Mission \u2013 caracterizada por la flexibilidad mental y organizativa, con un equipo multidisciplinario que sabe c\u00f3mo interpretar la realidad, atendiendo a los clientes y los estilos de vida contempor\u00e1neos.<\/p>\n<p>Una empresa capaz de fusionar creatividad, belleza y dise\u00f1o con tecnolog\u00eda para crear soluciones que nadie hab\u00eda pensado antes. Un equipo internacional guiado por nuestra sede italiana, que tambi\u00e9n alberga el sitio de producci\u00f3n donde se dise\u00f1an y construyen nuestras soluciones, desde el prototipo hasta el producto final. Un equipo centrado en el futuro que se presenta no como un proveedor, sino como un socio tecnol\u00f3gico capaz de involucrar a los clientes en el dise\u00f1o de soluciones innovadoras y diferentes que satisfagan las necesidades espec\u00edficas de numerosos contextos, como estadios, aeropuertos y ciudades seguras.[\/vc_column_text][divider line_type=\u00bbNo Line\u00bb custom_height=\u00bb40&#8243;][\/vc_column][\/vc_row][vc_row type=\u00bbfull_width_background\u00bb full_screen_row_position=\u00bbmiddle\u00bb bg_image=\u00bb253&#8243; bg_position=\u00bbcenter center\u00bb bg_repeat=\u00bbno-repeat\u00bb scene_position=\u00bbcenter\u00bb text_color=\u00bblight\u00bb text_align=\u00bbcenter\u00bb top_padding=\u00bb180&#8243; bottom_padding=\u00bb800&#8243; overlay_strength=\u00bb0.3&#8243; shape_divider_position=\u00bbbottom\u00bb shape_type=\u00bb\u00bb][vc_column column_padding=\u00bbno-extra-padding\u00bb column_padding_position=\u00bball\u00bb background_color_opacity=\u00bb1&#8243; background_hover_color_opacity=\u00bb1&#8243; column_link_target=\u00bb_self\u00bb column_shadow=\u00bbnone\u00bb column_border_radius=\u00bbnone\u00bb width=\u00bb1\/1&#8243; tablet_width_inherit=\u00bbdefault\u00bb tablet_text_alignment=\u00bbdefault\u00bb phone_text_alignment=\u00bbdefault\u00bb column_border_width=\u00bbnone\u00bb column_border_style=\u00bbsolid\u00bb][vc_column_text]\n<h2>Juntos dise\u00f1amos sistemas de visi\u00f3n inteligente<\/h2>\n[\/vc_column_text][vc_custom_heading text=\u00bbVivimos de primera mano la evoluci\u00f3n tecnol\u00f3gica en un mundo de cambio constante\u00bb font_container=\u00bbtag:h5|font_size:16px|text_align:center|line_height:34px\u00bb use_theme_fonts=\u00bbyes\u00bb css=\u00bb.vc_custom_1558693909823{padding-bottom: 20px !important;}\u00bb][nectar_btn size=\u00bblarge\u00bb button_style=\u00bbregular\u00bb button_color_2=\u00bbAccent-Color\u00bb icon_family=\u00bbdefault_arrow\u00bb text=\u00bbNuestro equipo\u00bb url=\u00bb\/es\/equipo\u00bb][\/vc_column][\/vc_row]\n","protected":false},"excerpt":{"rendered":"<p>[vc_row type=\u00bbfull_width_content\u00bb full_screen_row_position=\u00bbmiddle\u00bb bg_image=\u00bb273&#8243; bg_position=\u00bbcenter center\u00bb bg_repeat=\u00bbno-repeat\u00bb full_height=\u00bbyes\u00bb scene_position=\u00bbcenter\u00bb text_color=\u00bbdark\u00bb text_align=\u00bbcenter\u00bb overlay_strength=\u00bb0.3&#8243; shape_divider_position=\u00bbbottom\u00bb shape_type=\u00bb\u00bb][vc_column&#8230;<\/p>\n","protected":false},"author":1,"featured_media":0,"parent":0,"menu_order":104,"comment_status":"closed","ping_status":"closed","template":"","meta":{"_acf_changed":false,"inline_featured_image":false,"footnotes":""},"class_list":["post-4717","page","type-page","status-publish"],"acf":[],"yoast_head":"<!-- This site is optimized with the Yoast SEO plugin v27.4 - https:\/\/yoast.com\/product\/yoast-seo-wordpress\/ -->\n<title>Taiwan Business Unit - Spark<\/title>\n<meta name=\"description\" content=\"Spark Security produce innovativi sistemi di visione intelligente per progetti complessi di sicurezza. Videosorveglianza dal concept al prodotto finito. Italian inSight.\" \/>\n<meta name=\"robots\" content=\"noindex, nofollow\" \/>\n<meta property=\"og:locale\" content=\"es_ES\" \/>\n<meta property=\"og:type\" content=\"article\" \/>\n<meta property=\"og:title\" content=\"Taiwan Business Unit - Spark\" \/>\n<meta property=\"og:description\" content=\"Spark Security produce innovativi sistemi di visione intelligente per progetti complessi di sicurezza. Videosorveglianza dal concept al prodotto finito. Italian inSight.\" \/>\n<meta property=\"og:url\" content=\"https:\/\/www.spark-security.com\/es\/taiwan\/\" \/>\n<meta property=\"og:site_name\" content=\"Spark\" \/>\n<meta property=\"article:modified_time\" content=\"2021-05-20T09:49:49+00:00\" \/>\n<meta name=\"twitter:card\" content=\"summary_large_image\" \/>\n<meta name=\"twitter:label1\" content=\"Tiempo de lectura\" \/>\n\t<meta name=\"twitter:data1\" content=\"8 minutos\" \/>\n<script type=\"application\/ld+json\" class=\"yoast-schema-graph\">{\"@context\":\"https:\\\/\\\/schema.org\",\"@graph\":[{\"@type\":\"WebPage\",\"@id\":\"https:\\\/\\\/www.spark-security.com\\\/es\\\/taiwan\\\/\",\"url\":\"https:\\\/\\\/www.spark-security.com\\\/es\\\/taiwan\\\/\",\"name\":\"Taiwan Business Unit - Spark\",\"isPartOf\":{\"@id\":\"https:\\\/\\\/www.spark-security.com\\\/es\\\/#website\"},\"datePublished\":\"2018-11-19T15:12:26+00:00\",\"dateModified\":\"2021-05-20T09:49:49+00:00\",\"description\":\"Spark Security produce innovativi sistemi di visione intelligente per progetti complessi di sicurezza. Videosorveglianza dal concept al prodotto finito. Italian inSight.\",\"breadcrumb\":{\"@id\":\"https:\\\/\\\/www.spark-security.com\\\/es\\\/taiwan\\\/#breadcrumb\"},\"inLanguage\":\"es\",\"potentialAction\":[{\"@type\":\"ReadAction\",\"target\":[\"https:\\\/\\\/www.spark-security.com\\\/es\\\/taiwan\\\/\"]}]},{\"@type\":\"BreadcrumbList\",\"@id\":\"https:\\\/\\\/www.spark-security.com\\\/es\\\/taiwan\\\/#breadcrumb\",\"itemListElement\":[{\"@type\":\"ListItem\",\"position\":1,\"name\":\"Home\",\"item\":\"https:\\\/\\\/www.spark-security.com\\\/es\\\/\"},{\"@type\":\"ListItem\",\"position\":2,\"name\":\"Taiwan Business Unit\"}]},{\"@type\":\"WebSite\",\"@id\":\"https:\\\/\\\/www.spark-security.com\\\/es\\\/#website\",\"url\":\"https:\\\/\\\/www.spark-security.com\\\/es\\\/\",\"name\":\"Spark\",\"description\":\"Security enablers\",\"publisher\":{\"@id\":\"https:\\\/\\\/www.spark-security.com\\\/es\\\/#organization\"},\"potentialAction\":[{\"@type\":\"SearchAction\",\"target\":{\"@type\":\"EntryPoint\",\"urlTemplate\":\"https:\\\/\\\/www.spark-security.com\\\/es\\\/?s={search_term_string}\"},\"query-input\":{\"@type\":\"PropertyValueSpecification\",\"valueRequired\":true,\"valueName\":\"search_term_string\"}}],\"inLanguage\":\"es\"},{\"@type\":\"Organization\",\"@id\":\"https:\\\/\\\/www.spark-security.com\\\/es\\\/#organization\",\"name\":\"Spark\",\"url\":\"https:\\\/\\\/www.spark-security.com\\\/es\\\/\",\"logo\":{\"@type\":\"ImageObject\",\"inLanguage\":\"es\",\"@id\":\"https:\\\/\\\/www.spark-security.com\\\/es\\\/#\\\/schema\\\/logo\\\/image\\\/\",\"url\":\"\",\"contentUrl\":\"\",\"caption\":\"Spark\"},\"image\":{\"@id\":\"https:\\\/\\\/www.spark-security.com\\\/es\\\/#\\\/schema\\\/logo\\\/image\\\/\"},\"sameAs\":[\"https:\\\/\\\/www.linkedin.com\\\/company\\\/spark-security\\\/\"]}]}<\/script>\n<!-- \/ Yoast SEO plugin. -->","yoast_head_json":{"title":"Taiwan Business Unit - Spark","description":"Spark Security produce innovativi sistemi di visione intelligente per progetti complessi di sicurezza. Videosorveglianza dal concept al prodotto finito. Italian inSight.","robots":{"index":"noindex","follow":"nofollow"},"og_locale":"es_ES","og_type":"article","og_title":"Taiwan Business Unit - Spark","og_description":"Spark Security produce innovativi sistemi di visione intelligente per progetti complessi di sicurezza. Videosorveglianza dal concept al prodotto finito. Italian inSight.","og_url":"https:\/\/www.spark-security.com\/es\/taiwan\/","og_site_name":"Spark","article_modified_time":"2021-05-20T09:49:49+00:00","twitter_card":"summary_large_image","twitter_misc":{"Tiempo de lectura":"8 minutos"},"schema":{"@context":"https:\/\/schema.org","@graph":[{"@type":"WebPage","@id":"https:\/\/www.spark-security.com\/es\/taiwan\/","url":"https:\/\/www.spark-security.com\/es\/taiwan\/","name":"Taiwan Business Unit - Spark","isPartOf":{"@id":"https:\/\/www.spark-security.com\/es\/#website"},"datePublished":"2018-11-19T15:12:26+00:00","dateModified":"2021-05-20T09:49:49+00:00","description":"Spark Security produce innovativi sistemi di visione intelligente per progetti complessi di sicurezza. Videosorveglianza dal concept al prodotto finito. Italian inSight.","breadcrumb":{"@id":"https:\/\/www.spark-security.com\/es\/taiwan\/#breadcrumb"},"inLanguage":"es","potentialAction":[{"@type":"ReadAction","target":["https:\/\/www.spark-security.com\/es\/taiwan\/"]}]},{"@type":"BreadcrumbList","@id":"https:\/\/www.spark-security.com\/es\/taiwan\/#breadcrumb","itemListElement":[{"@type":"ListItem","position":1,"name":"Home","item":"https:\/\/www.spark-security.com\/es\/"},{"@type":"ListItem","position":2,"name":"Taiwan Business Unit"}]},{"@type":"WebSite","@id":"https:\/\/www.spark-security.com\/es\/#website","url":"https:\/\/www.spark-security.com\/es\/","name":"Spark","description":"Security enablers","publisher":{"@id":"https:\/\/www.spark-security.com\/es\/#organization"},"potentialAction":[{"@type":"SearchAction","target":{"@type":"EntryPoint","urlTemplate":"https:\/\/www.spark-security.com\/es\/?s={search_term_string}"},"query-input":{"@type":"PropertyValueSpecification","valueRequired":true,"valueName":"search_term_string"}}],"inLanguage":"es"},{"@type":"Organization","@id":"https:\/\/www.spark-security.com\/es\/#organization","name":"Spark","url":"https:\/\/www.spark-security.com\/es\/","logo":{"@type":"ImageObject","inLanguage":"es","@id":"https:\/\/www.spark-security.com\/es\/#\/schema\/logo\/image\/","url":"","contentUrl":"","caption":"Spark"},"image":{"@id":"https:\/\/www.spark-security.com\/es\/#\/schema\/logo\/image\/"},"sameAs":["https:\/\/www.linkedin.com\/company\/spark-security\/"]}]}},"_links":{"self":[{"href":"https:\/\/www.spark-security.com\/es\/wp-json\/wp\/v2\/pages\/4717","targetHints":{"allow":["GET"]}}],"collection":[{"href":"https:\/\/www.spark-security.com\/es\/wp-json\/wp\/v2\/pages"}],"about":[{"href":"https:\/\/www.spark-security.com\/es\/wp-json\/wp\/v2\/types\/page"}],"author":[{"embeddable":true,"href":"https:\/\/www.spark-security.com\/es\/wp-json\/wp\/v2\/users\/1"}],"replies":[{"embeddable":true,"href":"https:\/\/www.spark-security.com\/es\/wp-json\/wp\/v2\/comments?post=4717"}],"version-history":[{"count":1,"href":"https:\/\/www.spark-security.com\/es\/wp-json\/wp\/v2\/pages\/4717\/revisions"}],"predecessor-version":[{"id":11780,"href":"https:\/\/www.spark-security.com\/es\/wp-json\/wp\/v2\/pages\/4717\/revisions\/11780"}],"wp:attachment":[{"href":"https:\/\/www.spark-security.com\/es\/wp-json\/wp\/v2\/media?parent=4717"}],"curies":[{"name":"wp","href":"https:\/\/api.w.org\/{rel}","templated":true}]}}